{"id":461,"date":"2020-11-27T09:03:50","date_gmt":"2020-11-27T08:03:50","guid":{"rendered":"http:\/\/sabua.cz\/web\/?page_id=461"},"modified":"2024-08-26T09:23:11","modified_gmt":"2024-08-26T07:23:11","slug":"prihlaska-do-kurzu-tanec-pro-zeny-a-divky","status":"publish","type":"page","link":"https:\/\/sabua.cz\/web\/prihlaska-do-kurzu-tanec-pro-zeny-a-divky\/","title":{"rendered":"P\u0159ihl\u00e1\u0161ka do kurzu Tanec pro \u017eeny a d\u00edvky"},"content":{"rendered":"<p>[vc_row][vc_column][vc_empty_space height=&#8221;10&#8243;][vc_custom_heading text=&#8221;\u201eProbu\u010fte v sob\u011b svoji \u017eenskost a smyslnost. V\u011b\u0159te, \u017ee doma to ur\u010dit\u011b ocen\u00ed!&#8220;&#8221; font_container=&#8221;tag:h2|text_align:center|color:%23da1c5c&#8221; google_fonts=&#8221;font_family:Allura%3Aregular|font_style:400%20regular%3A400%3Anormal&#8221;][vc_empty_space height=&#8221;10&#8243;][vc_column_text]<\/p>\n<p style=\"text-align: center;\"><strong>Hronov, DDM Domino, pond\u011bl\u00ed 19:00 &#8211; 20:00<\/strong><\/p>\n<p>[\/vc_column_text][vc_empty_space height=&#8221;75&#8243;][\/vc_column][\/vc_row][vc_row][vc_column width=&#8221;1\/2&#8243;][vc_column_text]Kr\u00e1sa tance spo\u010d\u00edv\u00e1 v jeho rozmanitosti a mo\u017enosti sebevyj\u00e1d\u0159en\u00ed. I proto tanec miluji.\u00a0 Pro ty z V\u00e1s, kter\u00e9 neoslovil orient\u00e1ln\u00ed tanec, nab\u00edz\u00edm tento kurz, ve kter\u00e9m V\u00e1s r\u00e1da provedu sv\u011btem nejr\u016fzn\u011bj\u0161\u00edch tane\u010dn\u00edch \u017e\u00e1nr\u016f. Rozvl\u0148te sv\u00e9 t\u011blo v rytmu samby, havajsk\u00fdch a tahitsk\u00fdch tanc\u016f, pro\u017eijte v rytmu jazzu nap\u00ednav\u00e9, v\u00e1\u0161niv\u00e9 nebo humorn\u00e9 p\u0159\u00edb\u011bhy, p\u0159ipravte sv\u00e9mu p\u0159\u00edteli nebo man\u017eelovi smysln\u00e9 p\u0159ekvapen\u00ed ve stylu flirt dance. Objevte a na vlastn\u00ed k\u016f\u017ei vyzkou\u0161ejte spole\u010dn\u011b se mnou nov\u00e9 tane\u010dn\u00ed styly, o kter\u00fdch jste zat\u00edm jen p\u0159em\u00fd\u0161lela. A nebojte se, zvl\u00e1dnete to i kdy\u017e jste tane\u010dn\u00ed za\u010d\u00e1te\u010dnice. V kurzech postupuji dle va\u0161ich mo\u017enost\u00ed, u\u010d\u00edm nejd\u0159\u00edve z\u00e1klady a jednoduch\u00e9 kombinace. T\u011b\u0161\u00edm se na na\u0161e spole\u010dn\u00e9 tane\u010dn\u00ed objevy![\/vc_column_text][vc_empty_space height=&#8221;35&#8243;][vc_single_image image=&#8221;585&#8243; img_size=&#8221;890&#215;486&#8243;][vc_empty_space height=&#8221;35&#8243;][vc_column_text]<b>CO SI VZ\u00cdT NA PRVN\u00cd LEKCI:<\/b><br \/>\npohodln\u00e9 oble\u010den\u00ed, boty s m\u011bkkou podr\u00e1\u017ekou (lze tan\u010dit naboso), pit\u00ed (nejl\u00e9pe neperliv\u00e1 voda). Podrobn\u011bj\u0161\u00ed informace se dozv\u00edte na m\u00edst\u011b nebo V\u00e1m je r\u00e1da zodpov\u00edm na tel. 608 622 715.<\/p>\n<p>P\u0159ihl\u00e1\u0161ka do kurzu Tanec pro \u017eeny a d\u00edvky je nez\u00e1vazn\u00e1. Ve\u0161ker\u00e9 podrobnosti dolad\u00edme spole\u010dn\u011b na prvn\u00ed hodin\u011b. Budu se na V\u00e1s t\u011b\u0161it!<\/p>\n<p><strong><span style=\"color: #da1c5c;\"><span style=\"color: #da1c5c;\"><a style=\"color: #da1c5c;\" href=\"http:\/\/sabua.cz\/web\/wp-content\/uploads\/2020\/12\/Souhlas-se-zpracovanim-osobnich-udaju.pdf\">Souhlas se zpracov\u00e1n\u00edm osobn\u00edch \u00fadaj\u016f<\/a> ke sta\u017een\u00ed<\/span><br \/>\n<\/span><\/strong>[\/vc_column_text][\/vc_column][vc_column width=&#8221;1\/2&#8243;]\n<div class=\"wpcf7 no-js\" id=\"wpcf7-f463-o1\" lang=\"cs-CZ\" dir=\"ltr\">\n<div class=\"screen-reader-response\"><p role=\"status\" aria-live=\"polite\" aria-atomic=\"true\"><\/p> <ul><\/ul><\/div>\n<form action=\"\/web\/wp-json\/wp\/v2\/pages\/461#wpcf7-f463-o1\" method=\"post\" class=\"wpcf7-form init\" aria-label=\"Kontaktn\u00ed formul\u00e1\u0159\" novalidate=\"novalidate\" data-status=\"init\">\n<div style=\"display: none;\">\n<input type=\"hidden\" name=\"_wpcf7\" value=\"463\" \/>\n<input type=\"hidden\" name=\"_wpcf7_version\" value=\"5.7.7\" \/>\n<input type=\"hidden\" name=\"_wpcf7_locale\" value=\"cs_CZ\" \/>\n<input type=\"hidden\" name=\"_wpcf7_unit_tag\" value=\"wpcf7-f463-o1\" \/>\n<input type=\"hidden\" name=\"_wpcf7_container_post\" value=\"0\" \/>\n<input type=\"hidden\" name=\"_wpcf7_posted_data_hash\" value=\"\" \/>\n<\/div>\n<p><label> Jm\u00e9no a p\u0159\u00edjmen\u00ed<br \/>\n<span class=\"wpcf7-form-control-wrap\" data-name=\"your-name\"><input size=\"40\" class=\"wpcf7-form-control wpcf7-text wpcf7-validates-as-required\" aria-required=\"true\" aria-invalid=\"false\" value=\"\" type=\"text\" name=\"your-name\" \/><\/span> <\/label>\n<\/p>\n<p><label> E-mail<br \/>\n<span class=\"wpcf7-form-control-wrap\" data-name=\"your-email\"><input size=\"40\" class=\"wpcf7-form-control wpcf7-text wpcf7-email wpcf7-validates-as-required wpcf7-validates-as-email\" aria-required=\"true\" aria-invalid=\"false\" value=\"\" type=\"email\" name=\"your-email\" \/><\/span> <\/label>\n<\/p>\n<p><label> Telefon<br \/>\n<span class=\"wpcf7-form-control-wrap\" data-name=\"tel-382\"><input size=\"40\" class=\"wpcf7-form-control wpcf7-text wpcf7-tel wpcf7-validates-as-required wpcf7-validates-as-tel\" aria-required=\"true\" aria-invalid=\"false\" value=\"\" type=\"tel\" name=\"tel-382\" \/><\/span> <\/label>\n<\/p>\n<p><label> Adresa<br \/>\n<span class=\"wpcf7-form-control-wrap\" data-name=\"text-906\"><input size=\"40\" class=\"wpcf7-form-control wpcf7-text\" aria-invalid=\"false\" placeholder=\"\" value=\"\" type=\"text\" name=\"text-906\" \/><\/span> <\/label>\n<\/p>\n<p><label> Va\u0161e zpr\u00e1va<br \/>\n<span class=\"wpcf7-form-control-wrap\" data-name=\"your-message\"><textarea cols=\"40\" rows=\"10\" class=\"wpcf7-form-control wpcf7-textarea\" aria-invalid=\"false\" name=\"your-message\"><\/textarea><\/span> <\/label>\n<\/p>\n<p><span class=\"wpcf7-form-control-wrap\" data-name=\"checkbox-441\"><span class=\"wpcf7-form-control wpcf7-checkbox wpcf7-validates-as-required\"><span class=\"wpcf7-list-item first last\"><label><input type=\"checkbox\" name=\"checkbox-441[]\" value=\"Hronov\" \/><span class=\"wpcf7-list-item-label\">Hronov<\/span><\/label><\/span><\/span><\/span>\n<\/p>\n<p><span class=\"wpcf7-form-control-wrap\" data-name=\"acceptance-609\"><span class=\"wpcf7-form-control wpcf7-acceptance\"><span class=\"wpcf7-list-item\"><label><input type=\"checkbox\" name=\"acceptance-609\" value=\"1\" aria-invalid=\"false\" \/><span class=\"wpcf7-list-item-label\">Souhlas\u00edm se zpracov\u00e1n\u00edm osobn\u00edch \u00fadaj\u016f<\/span><\/label><\/span><\/span><\/span>\n<\/p>\n<p><input class=\"wpcf7-form-control has-spinner wpcf7-submit\" type=\"submit\" value=\"Odeslat\" \/>\n<\/p><p style=\"display: none !important;\" class=\"akismet-fields-container\" data-prefix=\"_wpcf7_ak_\"><label>&#916;<textarea name=\"_wpcf7_ak_hp_textarea\" cols=\"45\" rows=\"8\" maxlength=\"100\"><\/textarea><\/label><input type=\"hidden\" id=\"ak_js_1\" name=\"_wpcf7_ak_js\" value=\"203\"\/><script type=\"text\/javascript\">\n\/* <![CDATA[ *\/\ndocument.getElementById( \"ak_js_1\" ).setAttribute( \"value\", ( new Date() ).getTime() );\n\/* ]]> *\/\n<\/script>\n<\/p><div class=\"wpcf7-response-output\" aria-hidden=\"true\"><\/div>\n<\/form>\n<\/div>\n[\/vc_column][\/vc_row][vc_row][vc_column][vc_empty_space height=&#8221;10&#8243;][vc_column_text]<\/p>\n<p style=\"text-align: center;\"><strong><sup>Zdravotn\u00ed stav<br \/>\n<\/sup><\/strong><sup>Ka\u017ed\u00fd klient je zodpov\u011bdn\u00fd za sv\u016fj zdravotn\u00ed stav. Lektorka Martina Sabua Pastuchov\u00e1 nenese zodpov\u011bdnost za zdravotn\u00ed stav klienta. Trp\u00ed-li klient n\u011bjak\u00fdmi zdravotn\u00edmi probl\u00e9my, je d\u016fle\u017eit\u00e9 na n\u011b p\u0159ed za\u010d\u00e1tkem lekce upozornit. T\u011bhotn\u00e1 klientka p\u0159ed za\u010d\u00e1tkem cvi\u010den\u00ed mus\u00ed don\u00e9st potvrzen\u00ed od l\u00e9ka\u0159e s jeho doporu\u010den\u00edm. <\/sup><\/p>\n<p>[\/vc_column_text][\/vc_column][\/vc_row]<\/p>\n","protected":false},"excerpt":{"rendered":"<p>[vc_row][vc_column][vc_empty_space height=&#8221;10&#8243;][vc_custom_heading text=&#8221;\u201eProbu\u010fte v sob\u011b svoji \u017eenskost a smyslnost. V\u011b\u0159te, \u017ee doma to ur\u010dit\u011b ocen\u00ed!&#8220;&#8221; font_container=&#8221;tag:h2|text_align:center|color:%23da1c5c&#8221; google_fonts=&#8221;font_family:Allura%3Aregular|font_style:400%20regular%3A400%3Anormal&#8221;][vc_empty_space height=&#8221;10&#8243;][vc_column_text] Hronov, DDM Domino, pond\u011bl\u00ed 19:00 &#8211; 20:00 [\/vc_column_text][vc_empty_space height=&#8221;75&#8243;][\/vc_column][\/vc_row][vc_row][vc_column width=&#8221;1\/2&#8243;][vc_column_text]Kr\u00e1sa tance spo\u010d\u00edv\u00e1 v jeho rozmanitosti a mo\u017enosti sebevyj\u00e1d\u0159en\u00ed. I proto tanec miluji.\u00a0 Pro ty z V\u00e1s, kter\u00e9 neoslovil orient\u00e1ln\u00ed tanec, nab\u00edz\u00edm tento kurz, ve kter\u00e9m V\u00e1s r\u00e1da [&hellip;]<\/p>\n","protected":false},"author":1,"featured_media":0,"parent":0,"menu_order":0,"comment_status":"closed","ping_status":"closed","template":"","meta":{"footnotes":""},"_links":{"self":[{"href":"https:\/\/sabua.cz\/web\/wp-json\/wp\/v2\/pages\/461"}],"collection":[{"href":"https:\/\/sabua.cz\/web\/wp-json\/wp\/v2\/pages"}],"about":[{"href":"https:\/\/sabua.cz\/web\/wp-json\/wp\/v2\/types\/page"}],"author":[{"embeddable":true,"href":"https:\/\/sabua.cz\/web\/wp-json\/wp\/v2\/users\/1"}],"replies":[{"embeddable":true,"href":"https:\/\/sabua.cz\/web\/wp-json\/wp\/v2\/comments?post=461"}],"version-history":[{"count":14,"href":"https:\/\/sabua.cz\/web\/wp-json\/wp\/v2\/pages\/461\/revisions"}],"predecessor-version":[{"id":1053,"href":"https:\/\/sabua.cz\/web\/wp-json\/wp\/v2\/pages\/461\/revisions\/1053"}],"wp:attachment":[{"href":"https:\/\/sabua.cz\/web\/wp-json\/wp\/v2\/media?parent=461"}],"curies":[{"name":"wp","href":"https:\/\/api.w.org\/{rel}","templated":true}]}}