{"id":886,"date":"2020-12-16T13:00:11","date_gmt":"2020-12-16T12:00:11","guid":{"rendered":"http:\/\/sabua.cz\/web\/?page_id=886"},"modified":"2020-12-16T13:21:07","modified_gmt":"2020-12-16T12:21:07","slug":"google-kalendar","status":"publish","type":"page","link":"https:\/\/sabua.cz\/web\/google-kalendar\/","title":{"rendered":"Kalend\u00e1\u0159 akc\u00ed"},"content":{"rendered":"<p>[vc_row][vc_column][vc_raw_html css=&#8221;.vc_custom_1608121264566{margin-left: 100px !important;border-top-width: 300px !important;border-right-width: 300px !important;border-bottom-width: 300px !important;border-left-width: 0px !important;border-left-color: #ffffff !important;border-left-style: initial !important;border-right-color: #ffffff !important;border-right-style: initial !important;border-top-color: #ffffff !important;border-top-style: initial !important;border-bottom-color: #ffffff !important;border-bottom-style: initial !important;}&#8221;]JTIwJTIwJTIwJTIwJTIwJTNDaWZyYW1lJTIwc3JjJTNEJTIyaHR0cHMlM0ElMkYlMkZjYWxlbmRhci5nb29nbGUuY29tJTJGY2FsZW5kYXIlMkZlbWJlZCUzRnNyYyUzRHNhYnVhb3JpZW50JTI1NDBnbWFpbC5jb20lMjZjdHolM0RFdXJvcGUlMjUyRlByYWd1ZSUyMiUyMHN0eWxlJTNEJTIyY2VudGVyJTNBJTIwMCUyMiUyMHdpZHRoJTNEJTIyMTAwMCUyMiUyMGhlaWdodCUzRCUyMjgwMCUyMiUyMGZyYW1lYm9yZGVyJTNEJTIyMCUyMiUyMHNjcm9sbGluZyUzRCUyMm5vJTIyJTNFJTNDJTJGaWZyYW1lJTNF[\/vc_raw_html][\/vc_column][\/vc_row]<\/p>\n","protected":false},"excerpt":{"rendered":"<p>[vc_row][vc_column][vc_raw_html css=&#8221;.vc_custom_1608121264566{margin-left: 100px !important;border-top-width: 300px !important;border-right-width: 300px !important;border-bottom-width: 300px !important;border-left-width: 0px !important;border-left-color: #ffffff !important;border-left-style: initial !important;border-right-color: #ffffff !important;border-right-style: initial !important;border-top-color: #ffffff !important;border-top-style: initial !important;border-bottom-color: #ffffff !important;border-bottom-style: initial !important;}&#8221;]JTIwJTIwJTIwJTIwJTIwJTNDaWZyYW1lJTIwc3JjJTNEJTIyaHR0cHMlM0ElMkYlMkZjYWxlbmRhci5nb29nbGUuY29tJTJGY2FsZW5kYXIlMkZlbWJlZCUzRnNyYyUzRHNhYnVhb3JpZW50JTI1NDBnbWFpbC5jb20lMjZjdHolM0RFdXJvcGUlMjUyRlByYWd1ZSUyMiUyMHN0eWxlJTNEJTIyY2VudGVyJTNBJTIwMCUyMiUyMHdpZHRoJTNEJTIyMTAwMCUyMiUyMGhlaWdodCUzRCUyMjgwMCUyMiUyMGZyYW1lYm9yZGVyJTNEJTIyMCUyMiUyMHNjcm9sbGluZyUzRCUyMm5vJTIyJTNFJTNDJTJGaWZyYW1lJTNF[\/vc_raw_html][\/vc_column][\/vc_row]<\/p>\n","protected":false},"author":1,"featured_media":0,"parent":0,"menu_order":0,"comment_status":"closed","ping_status":"closed","template":"","meta":{"footnotes":""},"_links":{"self":[{"href":"https:\/\/sabua.cz\/web\/wp-json\/wp\/v2\/pages\/886"}],"collection":[{"href":"https:\/\/sabua.cz\/web\/wp-json\/wp\/v2\/pages"}],"about":[{"href":"https:\/\/sabua.cz\/web\/wp-json\/wp\/v2\/types\/page"}],"author":[{"embeddable":true,"href":"https:\/\/sabua.cz\/web\/wp-json\/wp\/v2\/users\/1"}],"replies":[{"embeddable":true,"href":"https:\/\/sabua.cz\/web\/wp-json\/wp\/v2\/comments?post=886"}],"version-history":[{"count":22,"href":"https:\/\/sabua.cz\/web\/wp-json\/wp\/v2\/pages\/886\/revisions"}],"predecessor-version":[{"id":913,"href":"https:\/\/sabua.cz\/web\/wp-json\/wp\/v2\/pages\/886\/revisions\/913"}],"wp:attachment":[{"href":"https:\/\/sabua.cz\/web\/wp-json\/wp\/v2\/media?parent=886"}],"curies":[{"name":"wp","href":"https:\/\/api.w.org\/{rel}","templated":true}]}}