{"id":957,"date":"2022-01-13T13:13:08","date_gmt":"2022-01-13T12:13:08","guid":{"rendered":"https:\/\/sabua.cz\/web\/?page_id=957"},"modified":"2023-12-18T09:20:45","modified_gmt":"2023-12-18T08:20:45","slug":"videoklipy","status":"publish","type":"page","link":"https:\/\/sabua.cz\/web\/videoklipy\/","title":{"rendered":"VIDEOKLIPY"},"content":{"rendered":"<p>[vc_row][vc_column][vc_column_text css=&#8221;.vc_custom_1642076588689{padding-bottom: 6% !important;}&#8221;]<\/p>\n<p style=\"text-align: center;\">Martina Sabua je zp\u011bva\u010dka, tane\u010dnice, choreografka a \u017eena mnoha dal\u0161\u00edch talent\u016f, mezi n\u011b\u017e se \u0159ad\u00ed i psan\u00ed p\u00edsn\u00ed. Bylo jej\u00edm p\u0159\u00e1n\u00edm vn\u00e9st trochu radosti do dne\u0161n\u00ed komplikovan\u00e9 doby a sv\u00fdm poselstv\u00edm za\u017eehnout v lidech plam\u00ednek nad\u011bje v lep\u0161\u00ed dny.<\/p>\n<p>[\/vc_column_text][\/vc_column][\/vc_row][vc_row gap=&#8221;15&#8243; content_placement=&#8221;top&#8221;][vc_column width=&#8221;1\/2&#8243;][vc_video link=&#8221;https:\/\/www.youtube.com\/watch?v=SRXeSTTs5lM&#8221; title=&#8221;\u010cas na v\u00e1no\u010dn\u00ed sn\u011bn\u00ed&#8221;][\/vc_column][vc_column width=&#8221;1\/2&#8243; css=&#8221;.vc_custom_1642077963741{padding-top: 65px !important;padding-bottom: 25% !important;}&#8221;][vc_column_text css=&#8221;.vc_custom_1702887595335{padding-bottom: 6% !important;}&#8221;]Rockov\u00e1 koleda &#8220;\u010cas na v\u00e1no\u010dn\u00ed sn\u011bn\u00ed&#8221; (Official music video) zp\u011bv, text, hudba Martina Sabua Pastuchov\u00e1 kl\u00e1vesy, vok\u00e1ly, aran\u017em\u00e1 Jitka \u0160t\u011brb\u00e1kov\u00e1[\/vc_column_text][\/vc_column][\/vc_row][vc_row gap=&#8221;15&#8243; content_placement=&#8221;top&#8221;][vc_column width=&#8221;1\/2&#8243;][vc_video link=&#8221;https:\/\/www.youtube.com\/watch?v=ZIQIw-ivYDk&#8221; title=&#8221;Nad\u011bje tu st\u00e1le je&#8221;][\/vc_column][vc_column width=&#8221;1\/2&#8243; css=&#8221;.vc_custom_1642077963741{padding-top: 65px !important;padding-bottom: 25% !important;}&#8221;][vc_column_text css=&#8221;.vc_custom_1693856349021{padding-bottom: 6% !important;}&#8221;]<span class=\"yt-core-attributed-string--link-inherit-color\">Nad\u011bje tu st\u00e1le je zp\u011bv, text, hudba Martina Sabua Pastuchov\u00e1 kl\u00e1vesy, vok\u00e1ly, aran\u017em\u00e1 Jitka \u0160t\u011brb\u00e1kov\u00e1 Sabua <\/span><span class=\"yt-core-attributed-string--link-inherit-color\"><a class=\"yt-core-attributed-string__link yt-core-attributed-string__link--display-type yt-core-attributed-string__link--call-to-action-color\" tabindex=\"0\" href=\"https:\/\/www.youtube.com\/redirect?event=video_description&amp;redir_token=QUFFLUhqbmJBemVXMGd2ZVYxd0ZoemEyUXo3NXQybF96UXxBQ3Jtc0tsOVUyZnA5Zy04YWg2cU0wbVdmeVNNcWlGYU5zSlRFZ3FvYUxic1FwbzJXd3dxNEpMa2NGWW8yZnZJZC1zdFZUVmpma1poQjFvZk5FTEdvRkhMVzZpNkRMME9fV1pWU1BrSWdGSWJkQUY5MkxhdUc5aw&amp;q=https%3A%2F%2Fsabua.cz%2Fweb%2F&amp;v=ZIQIw-ivYDk\" target=\"_blank\" rel=\"nofollow noopener\">https:\/\/sabua.cz\/web\/<\/a><\/span> <span class=\"yt-core-attributed-string--link-inherit-color\"><a class=\"yt-core-attributed-string__link yt-core-attributed-string__link--display-type yt-core-attributed-string__link--call-to-action-color\" tabindex=\"0\" href=\"https:\/\/www.youtube.com\/redirect?event=video_description&amp;redir_token=QUFFLUhqbkt3M0pKalhZMklzaTBFNHZRbjY3ZFUxV2lrZ3xBQ3Jtc0tta2hOSkhEWW42RWlGUHh1aVNldDdCNEhOV1N4MElQRHZfZk5fOTJoQmU0OGYwSlBlZWZuMVBiSDV0bXY3WEZiV0k5bl8zbWNDQWlzMFlBb2FNQU10YzBodVBkRWNXZFFZbHRfazhFQ215OWhwQWNGQQ&amp;q=https%3A%2F%2Fwww.facebook.com%2Fsabua.martina%2F&amp;v=ZIQIw-ivYDk\" target=\"_blank\" rel=\"nofollow noopener\">https:\/\/www.facebook.com\/sabua.martina\/<\/a><\/span><span class=\"yt-core-attributed-string--link-inherit-color\"> Studio Pulton <\/span><span class=\"yt-core-attributed-string--link-inherit-color\"><a class=\"yt-core-attributed-string__link yt-core-attributed-string__link--display-type yt-core-attributed-string__link--call-to-action-color\" tabindex=\"0\" href=\"https:\/\/www.youtube.com\/redirect?event=video_description&amp;redir_token=QUFFLUhqa19UZTJtc1cwUWtwM2hqYnJxQXdIYUc2ZGdGUXxBQ3Jtc0treU0zYk5lSnlaVGE5TEQ5TmpaVC11VTBDMWN3VlBySnhtTU85SVU2R0IwTHFZWHkxdVl4T2VSY0lWb25HQ1B4OEZ5NUtMRUlNQWpjSVZKMmE5SUpCbEZIM1BnQXhWR1JmbEJZODJlVjFhSTE3UXg0SQ&amp;q=https%3A%2F%2Fwww.facebook.com%2FStudioPulton%2F&amp;v=ZIQIw-ivYDk\" target=\"_blank\" rel=\"nofollow noopener\">https:\/\/www.facebook.com\/StudioPulton\/<\/a><\/span><span class=\"yt-core-attributed-string--link-inherit-color\"> Planeta zem\u011b 3000 <\/span><span class=\"yt-core-attributed-string--link-inherit-color\"><a class=\"yt-core-attributed-string__link yt-core-attributed-string__link--display-type yt-core-attributed-string__link--call-to-action-color\" tabindex=\"0\" href=\"https:\/\/www.youtube.com\/redirect?event=video_description&amp;redir_token=QUFFLUhqbWJLQWtZZWRTaWE1YkhydWZtSWRNOEQ4TGlJZ3xBQ3Jtc0ttRTdNVkVhdlAxOFpCMTYxVTBCbkx2aTYtQTZiMzlFTGpqRnY4aHVCNzhZVUhTNGRWQmRMWkx3WWpUeFUzX2N2YnZnYkxSUHNETTl0Smk5azMtNUFEWXFmTHlqSjNmYjh4eDhqc2IxOHg1X3p5aEt6Zw&amp;q=https%3A%2F%2Fplanetazeme3000.cz%2F%23%21%2Fup&amp;v=ZIQIw-ivYDk\" target=\"_blank\" rel=\"nofollow noopener\">https:\/\/planetazeme3000.cz\/#!\/up<\/a><\/span>[\/vc_column_text][\/vc_column][\/vc_row][vc_row][vc_column][vc_empty_space height=&#8221;80px&#8221;][\/vc_column][\/vc_row][vc_row][vc_column width=&#8221;1\/2&#8243;][vc_video link=&#8221;https:\/\/www.youtube.com\/watch?v=pBov88u8mWg&#8221; title=&#8221;And\u011bl\u00e9 zp\u00edvaj\u00ed&#8221;][\/vc_column][vc_column width=&#8221;1\/2&#8243; css=&#8221;.vc_custom_1642077987792{padding-top: 65px !important;padding-bottom: 25% !important;}&#8221;][vc_column_text css=&#8221;.vc_custom_1693857635101{padding-bottom: 6% !important;}&#8221;]Rockov\u00e1 koleda And\u011bl\u00e9 zp\u00edvaj\u00ed p\u0159i\u0161la jako z\u00e1blesk z \u010dist\u00e9ho nebe, jako by mi ji do ucha za\u0161eptal s\u00e1m and\u011bl. Inspirovalo m\u011b kouzlo V\u00e1noc, na kter\u00e9 m\u00e1m z d\u011btstv\u00ed \u00fa\u017easn\u00e9 vzpom\u00ednky. P\u00edse\u0148 vznikla d\u00edky velik\u00e9 ochot\u011b dobr\u00fdch lid\u00ed, kter\u00fdch se na p\u00edsni\u010dce pod\u00edlelo spousta, od muzikant\u016f, zvuka\u0159e, tane\u010dnic, kameramana, p\u0159es zp\u011bva\u010dky a n\u00e1hodn\u00e9 kolemjdouc\u00ed. \ud83d\ude42 Jeliko\u017e do V\u00e1noc zb\u00fdvalo pouze p\u00e1r dn\u00ed a my ji cht\u011bli stihnout darovat lidem pod strome\u010dek, muselo se jednat za poklusu. Aran\u017ee Jitky \u0160t\u011brb\u00e1kov\u00e9 se p\u0159ekvapiv\u011b dob\u0159e poj\u00ed s rockov\u00fdm stylem Martiny. B\u011bhem jedin\u00e9ho v\u00edkendu se poda\u0159ilo ve studiu Pulton nahr\u00e1t hudbu a hned druh\u00fd den k n\u00ed nato\u010dit i videoklip. Sc\u00e9n\u00e1\u0159 vytvo\u0159ila Martina a Filip Kollert. Spont\u00e1nn\u00ed vytvo\u0159en\u00ed t\u00e9to p\u00edsni\u010dky bylo pro n\u00e1s v\u0161echny takov\u00fdm mal\u00fdm v\u00e1no\u010dn\u00ed z\u00e1zrakem a velmi n\u00e1s pot\u011b\u0161il ohlas poslucha\u010d\u016f, kte\u0159\u00ed ji rozes\u00edlali sv\u00fdm rodin\u00e1m a p\u0159\u00e1tel\u016fm jako v\u00e1no\u010dn\u00ed p\u0159\u00e1n\u00ed.[\/vc_column_text][\/vc_column][\/vc_row][vc_row][vc_column width=&#8221;1\/2&#8243;][vc_video link=&#8221;https:\/\/www.youtube.com\/watch?v=4G3__ukH4Vg&#8221; title=&#8221;Co j\u00e1 s t\u00edm ud\u011bl\u00e1m&#8221;][\/vc_column][vc_column width=&#8221;1\/2&#8243; css=&#8221;.vc_custom_1642077987792{padding-top: 65px !important;padding-bottom: 25% !important;}&#8221;][vc_column_text css=&#8221;.vc_custom_1693857301123{padding-bottom: 6% !important;}&#8221;]Co j\u00e1 s t\u00edm ud\u011bl\u00e1m &#8211; p\u00edsni\u010dka o moci \u00fasm\u011bvu P\u00edsni\u010dka vznikla s prvn\u00edm lockdownem v roce 2020, kdy jsme v\u0161ichni propadli v beznad\u011bj. A proto\u017ee \u00fasm\u011bv je nejlep\u0161\u00edm l\u00e9kem na \u00fazkost, pos\u00edl\u00e1me v\u00e1m ho s touto p\u00edsn\u00ed, aby v\u00e1s zah\u0159\u00e1l u srdce a vy ho po\u0161lete d\u00e1l. S ohnivou energi\u00ed se pustila do n\u011bkolika zaj\u00edmav\u00fdch projekt\u016f, u kter\u00fdch se se\u0161li v\u00fdborn\u00ed muzikanti, amat\u00e9\u0159i i profesion\u00e1lov\u00e9 a spole\u010dn\u011b nato\u010dili hudbu v nahr\u00e1vac\u00edm studiu Pulton, pot\u00e9 pod veden\u00edm profesion\u00e1ln\u00edch kameraman\u016f zrealizovali i videoklip, kter\u00fd re\u017e\u00edroval Tom\u00e1\u0161 Magnusek a sc\u00e9n\u00e1\u0159 vytvo\u0159ila Martina.[\/vc_column_text][\/vc_column][\/vc_row]<\/p>\n","protected":false},"excerpt":{"rendered":"<p>[vc_row][vc_column][vc_column_text css=&#8221;.vc_custom_1642076588689{padding-bottom: 6% !important;}&#8221;] Martina Sabua je zp\u011bva\u010dka, tane\u010dnice, choreografka a \u017eena mnoha dal\u0161\u00edch talent\u016f, mezi n\u011b\u017e se \u0159ad\u00ed i psan\u00ed p\u00edsn\u00ed. Bylo jej\u00edm p\u0159\u00e1n\u00edm vn\u00e9st trochu radosti do dne\u0161n\u00ed komplikovan\u00e9 doby a sv\u00fdm poselstv\u00edm za\u017eehnout v lidech plam\u00ednek nad\u011bje v lep\u0161\u00ed dny. [\/vc_column_text][\/vc_column][\/vc_row][vc_row gap=&#8221;15&#8243; content_placement=&#8221;top&#8221;][vc_column width=&#8221;1\/2&#8243;][vc_video link=&#8221;https:\/\/www.youtube.com\/watch?v=SRXeSTTs5lM&#8221; title=&#8221;\u010cas na v\u00e1no\u010dn\u00ed sn\u011bn\u00ed&#8221;][\/vc_column][vc_column width=&#8221;1\/2&#8243; css=&#8221;.vc_custom_1642077963741{padding-top: 65px [&hellip;]<\/p>\n","protected":false},"author":1,"featured_media":0,"parent":0,"menu_order":0,"comment_status":"closed","ping_status":"closed","template":"","meta":{"footnotes":""},"_links":{"self":[{"href":"https:\/\/sabua.cz\/web\/wp-json\/wp\/v2\/pages\/957"}],"collection":[{"href":"https:\/\/sabua.cz\/web\/wp-json\/wp\/v2\/pages"}],"about":[{"href":"https:\/\/sabua.cz\/web\/wp-json\/wp\/v2\/types\/page"}],"author":[{"embeddable":true,"href":"https:\/\/sabua.cz\/web\/wp-json\/wp\/v2\/users\/1"}],"replies":[{"embeddable":true,"href":"https:\/\/sabua.cz\/web\/wp-json\/wp\/v2\/comments?post=957"}],"version-history":[{"count":50,"href":"https:\/\/sabua.cz\/web\/wp-json\/wp\/v2\/pages\/957\/revisions"}],"predecessor-version":[{"id":967,"href":"https:\/\/sabua.cz\/web\/wp-json\/wp\/v2\/pages\/957\/revisions\/967"}],"wp:attachment":[{"href":"https:\/\/sabua.cz\/web\/wp-json\/wp\/v2\/media?parent=957"}],"curies":[{"name":"wp","href":"https:\/\/api.w.org\/{rel}","templated":true}]}}