{"id":993,"date":"2022-01-14T08:28:26","date_gmt":"2022-01-14T07:28:26","guid":{"rendered":"https:\/\/sabua.cz\/web\/?page_id=993"},"modified":"2022-01-17T16:43:30","modified_gmt":"2022-01-17T15:43:30","slug":"tanecni-vystoupeni","status":"publish","type":"page","link":"https:\/\/sabua.cz\/web\/tanecni-vystoupeni\/","title":{"rendered":"TANE\u010cN\u00cd VYSTOUPEN\u00cd"},"content":{"rendered":"<p>[vc_row][vc_column][vc_column_text css=&#8221;.vc_custom_1642145359804{padding-bottom: 6% !important;}&#8221;]<\/p>\n<p style=\"text-align: center;\">Za tane\u010dnice mluv\u00ed p\u0159edev\u0161\u00edm jejich vystoupen\u00ed.<br \/>\nPod\u00edvejte se na n\u011bkter\u00e9 z nich. V\u00edce vide\u00ed ke zhl\u00e9dnut\u00ed naleznete na m\u00e9m Youtube kan\u00e1le nebo facebookov\u00e9m profilu.<\/p>\n<p>[\/vc_column_text][\/vc_column][\/vc_row][vc_row css=&#8221;.vc_custom_1642145512770{padding-bottom: 15px !important;}&#8221;][vc_column width=&#8221;1\/4&#8243;][vc_video link=&#8221;https:\/\/www.youtube.com\/watch?v=aLA_g7k_mog&amp;t=2s&#8221;][\/vc_column][vc_column width=&#8221;1\/4&#8243;][vc_video link=&#8221;https:\/\/www.youtube.com\/watch?v=Tajn_B1R9lQ&#8221;][\/vc_column][vc_column width=&#8221;1\/4&#8243;][vc_video link=&#8221;https:\/\/www.youtube.com\/watch?v=y9rTfES042c&#8221;][\/vc_column][vc_column width=&#8221;1\/4&#8243;][vc_video link=&#8221;https:\/\/www.youtube.com\/watch?v=0DWUWOuLX_0&#8243;][\/vc_column][\/vc_row][vc_row][vc_column width=&#8221;1\/4&#8243;][vc_video link=&#8221;https:\/\/www.youtube.com\/watch?v=9x7AVJV-1w8&#8243;][\/vc_column][vc_column width=&#8221;1\/4&#8243;][vc_video link=&#8221;https:\/\/www.youtube.com\/watch?v=f2VDDFil5mM&amp;t=6s&#8221;][\/vc_column][vc_column width=&#8221;1\/4&#8243;][vc_video link=&#8221;https:\/\/www.youtube.com\/watch?v=oMmFRM4bV14&#8243;][\/vc_column][vc_column width=&#8221;1\/4&#8243;][vc_video link=&#8221;https:\/\/www.youtube.com\/watch?v=t0trLGEKmew&#8221;][\/vc_column][\/vc_row]<\/p>\n","protected":false},"excerpt":{"rendered":"<p>[vc_row][vc_column][vc_column_text css=&#8221;.vc_custom_1642145359804{padding-bottom: 6% !important;}&#8221;] Za tane\u010dnice mluv\u00ed p\u0159edev\u0161\u00edm jejich vystoupen\u00ed. Pod\u00edvejte se na n\u011bkter\u00e9 z nich. V\u00edce vide\u00ed ke zhl\u00e9dnut\u00ed naleznete na m\u00e9m Youtube kan\u00e1le nebo facebookov\u00e9m profilu. [\/vc_column_text][\/vc_column][\/vc_row][vc_row css=&#8221;.vc_custom_1642145512770{padding-bottom: 15px !important;}&#8221;][vc_column width=&#8221;1\/4&#8243;][vc_video link=&#8221;https:\/\/www.youtube.com\/watch?v=aLA_g7k_mog&amp;t=2s&#8221;][\/vc_column][vc_column width=&#8221;1\/4&#8243;][vc_video link=&#8221;https:\/\/www.youtube.com\/watch?v=Tajn_B1R9lQ&#8221;][\/vc_column][vc_column width=&#8221;1\/4&#8243;][vc_video link=&#8221;https:\/\/www.youtube.com\/watch?v=y9rTfES042c&#8221;][\/vc_column][vc_column width=&#8221;1\/4&#8243;][vc_video link=&#8221;https:\/\/www.youtube.com\/watch?v=0DWUWOuLX_0&#8243;][\/vc_column][\/vc_row][vc_row][vc_column width=&#8221;1\/4&#8243;][vc_video link=&#8221;https:\/\/www.youtube.com\/watch?v=9x7AVJV-1w8&#8243;][\/vc_column][vc_column width=&#8221;1\/4&#8243;][vc_video link=&#8221;https:\/\/www.youtube.com\/watch?v=f2VDDFil5mM&amp;t=6s&#8221;][\/vc_column][vc_column width=&#8221;1\/4&#8243;][vc_video link=&#8221;https:\/\/www.youtube.com\/watch?v=oMmFRM4bV14&#8243;][\/vc_column][vc_column width=&#8221;1\/4&#8243;][vc_video link=&#8221;https:\/\/www.youtube.com\/watch?v=t0trLGEKmew&#8221;][\/vc_column][\/vc_row]<\/p>\n","protected":false},"author":1,"featured_media":0,"parent":0,"menu_order":0,"comment_status":"closed","ping_status":"closed","template":"","meta":{"footnotes":""},"_links":{"self":[{"href":"https:\/\/sabua.cz\/web\/wp-json\/wp\/v2\/pages\/993"}],"collection":[{"href":"https:\/\/sabua.cz\/web\/wp-json\/wp\/v2\/pages"}],"about":[{"href":"https:\/\/sabua.cz\/web\/wp-json\/wp\/v2\/types\/page"}],"author":[{"embeddable":true,"href":"https:\/\/sabua.cz\/web\/wp-json\/wp\/v2\/users\/1"}],"replies":[{"embeddable":true,"href":"https:\/\/sabua.cz\/web\/wp-json\/wp\/v2\/comments?post=993"}],"version-history":[{"count":11,"href":"https:\/\/sabua.cz\/web\/wp-json\/wp\/v2\/pages\/993\/revisions"}],"predecessor-version":[{"id":1010,"href":"https:\/\/sabua.cz\/web\/wp-json\/wp\/v2\/pages\/993\/revisions\/1010"}],"wp:attachment":[{"href":"https:\/\/sabua.cz\/web\/wp-json\/wp\/v2\/media?parent=993"}],"curies":[{"name":"wp","href":"https:\/\/api.w.org\/{rel}","templated":true}]}}